{"id":701,"date":"2016-08-07T21:07:17","date_gmt":"2016-08-07T19:07:17","guid":{"rendered":"http:\/\/www.adictosaljetlag.com\/?page_id=701"},"modified":"2020-04-18T14:35:32","modified_gmt":"2020-04-18T12:35:32","slug":"diario-de-uzbekistan","status":"publish","type":"page","link":"https:\/\/www.adictosaljetlag.es\/index.php\/diario-de-uzbekistan\/","title":{"rendered":"Diario de Uzbekist\u00e1n"},"content":{"rendered":"<p>&nbsp;<\/p>\n<p>Aqu\u00ed encontrareis todos los post del diario de viaje a Uzbekist\u00e1n&nbsp;y un mapa donde hemos anotado y comentado todos los sitios que hemos visitado.<\/p>\n<ul>\n<li><a title=\"D\u00cdA 1: Golpe de estado en Turqu\u00eda\" href=\"https:\/\/www.adictosaljetlag.com\/index.php\/2016\/08\/01\/uzbekistan-dia-1-golpe-de-estado-en-turquia\/\" rel=\"bookmark\">D\u00cdA 1: Golpe de estado en Turqu\u00eda<\/a><\/li>\n<li><a title=\"D\u00cdAS 2 y 3: Valle de Fergana\" href=\"https:\/\/www.adictosaljetlag.com\/index.php\/2016\/08\/07\/uzbekistan-dias-2-y-3-valle-de-fergana\/\" rel=\"bookmark\">D\u00cdAS 2 y 3: Valle de Fergana<\/a><\/li>\n<li><a title=\"D\u00cdAS 4 y 5: Jiva\" href=\"https:\/\/www.adictosaljetlag.com\/index.php\/2016\/08\/07\/uzbekistan-dias-4-y-5-jiva\/\" rel=\"bookmark\">D\u00cdAS 4 y 5: Jiva<\/a><\/li>\n<li><a title=\"D\u00cdAS 6, 7 y 8: Bujar\u00e1\" href=\"https:\/\/www.adictosaljetlag.com\/index.php\/2016\/08\/17\/uzbekistan-dias-6-7-y-8-bujara\/\" rel=\"bookmark\">D\u00cdAS 6, 7 y 8: Bujar\u00e1<\/a><\/li>\n<li><a title=\"D\u00cdAS 9, 10, 11 y 12: Samarcanda\" href=\"https:\/\/www.adictosaljetlag.com\/index.php\/2016\/09\/06\/uzbekistan-dias-9-10-11-y-12-samarcanda\/\" rel=\"bookmark\">D\u00cdAS 9, 10, 11 y 12: Samarcanda<\/a><\/li>\n<li><a title=\"D\u00cdA 13: Taskent\" href=\"https:\/\/www.adictosaljetlag.com\/index.php\/2016\/09\/20\/uzbekistan-dia-13-taskent\/\" rel=\"bookmark\">D\u00cdA 13: Taskent<\/a><\/li>\n<\/ul>\n<p>&nbsp;<\/p>\n<div style=\"width: 190px; display: inline-block; line-height: 40px;\"><em><img loading=\"lazy\" decoding=\"async\" class=\"wp-image-317\" style=\"border: 0px; margin: 0 5px 0 0;\" src=\"https:\/\/adictosaljetlag.com\/wp-content\/uploads\/2015\/12\/imprescindible.png\" alt=\"\" width=\"25\" height=\"30\">Nuestros favoritos<\/em><br \/>\n<em><img loading=\"lazy\" decoding=\"async\" class=\"wp-image-317\" style=\"border: 0px; margin: 0 5px 0 0;\" src=\"https:\/\/adictosaljetlag.com\/wp-content\/uploads\/2015\/12\/monumento1.png\" alt=\"\" width=\"25\" height=\"30\">Imprescindible<\/em><br \/>\n<em><img loading=\"lazy\" decoding=\"async\" class=\"wp-image-317\" style=\"border: 0px; margin: 0 5px 0 0;\" src=\"https:\/\/adictosaljetlag.com\/wp-content\/uploads\/2015\/12\/monumento2.png\" alt=\"\" width=\"25\" height=\"30\">Interesante<\/em><br \/>\n<em><img loading=\"lazy\" decoding=\"async\" class=\"wp-image-317\" style=\"border: 0px; margin: 0 5px 0 0;\" src=\"https:\/\/adictosaljetlag.com\/wp-content\/uploads\/2015\/12\/monumento3.png\" alt=\"\" width=\"25\" height=\"30\">Prescindible<\/em><\/div>\n<div style=\"width: 160px; display: inline-block; line-height: 40px;\"><em><img loading=\"lazy\" decoding=\"async\" class=\"wp-image-317\" style=\"border: 0px; margin: 0 5px 0 0;\" src=\"https:\/\/adictosaljetlag.com\/wp-content\/uploads\/2015\/12\/restaurante1.png\" alt=\"\" width=\"25\" height=\"30\">Muy bueno<\/em><br \/>\n<em><img loading=\"lazy\" decoding=\"async\" class=\"wp-image-317\" style=\"border: 0px; margin: 0 5px 0 0;\" src=\"https:\/\/adictosaljetlag.com\/wp-content\/uploads\/2015\/12\/restaurante2.png\" alt=\"\" width=\"25\" height=\"30\">Normal<\/em><br \/>\n<em><img loading=\"lazy\" decoding=\"async\" class=\"wp-image-317\" style=\"border: 0px; margin: 0 5px 0 0;\" src=\"https:\/\/adictosaljetlag.com\/wp-content\/uploads\/2015\/12\/restaurante3.png\" alt=\"\" width=\"25\" height=\"30\">Malo<\/em><\/div>\n<div style=\"width: 190px; display: inline-block;\"><em><img loading=\"lazy\" decoding=\"async\" class=\"wp-image-317\" style=\"border: 0px; margin: 0 5px 0 0;\" src=\"https:\/\/adictosaljetlag.com\/wp-content\/uploads\/2015\/12\/monumentoGris.png\" alt=\"\" width=\"25\" height=\"30\"><img loading=\"lazy\" decoding=\"async\" class=\"wp-image-317\" style=\"border: 0px; margin: 0 5px 0 0;\" src=\"https:\/\/adictosaljetlag.com\/wp-content\/uploads\/2015\/12\/restauranteGris.png\" alt=\"\" width=\"25\" height=\"30\">Lugares\/Restaurantes que parecen interesantes pero que no hemos visitado<\/em><\/div>\n<div style=\"margin-top: 10px;\"><iframe loading=\"lazy\" style=\"border: none;\" src=\"https:\/\/www.google.com\/maps\/d\/u\/1\/embed?mid=1LG7ldBO02nZzHg5c3UKmEZ4e5VQ\" width=\"640\" height=\"480\"><\/iframe><\/div>\n<p>&nbsp;<\/p>\n","protected":false},"excerpt":{"rendered":"<p>&nbsp; Aqu\u00ed encontrareis todos los post del diario de viaje a Uzbekist\u00e1n&nbsp;y un mapa donde hemos anotado y comentado todos los sitios que hemos visitado. D\u00cdA 1: Golpe de estado en Turqu\u00eda D\u00cdAS 2 y 3: Valle de Fergana D\u00cdAS 4 y 5: Jiva D\u00cdAS 6, 7 y 8: Bujar\u00e1 D\u00cdAS 9, 10, 11 y [&hellip;]<\/p>\n","protected":false},"author":1,"featured_media":0,"parent":0,"menu_order":0,"comment_status":"closed","ping_status":"closed","template":"template-page.php","meta":{"_acf_changed":false,"advgb_blocks_editor_width":"","advgb_blocks_columns_visual_guide":"","footnotes":""},"acf":[],"coauthors":[],"author_meta":{"author_link":"https:\/\/www.adictosaljetlag.es\/index.php\/author\/adictos\/","display_name":"adictos"},"relative_dates":{"created":"Publicado 10 a\u00f1os hace","modified":"Actualizado 6 a\u00f1os hace"},"absolute_dates":{"created":"Publicado el 7 agosto, 2016","modified":"Actualizado el 18 abril, 2020"},"absolute_dates_time":{"created":"Publicado el 7 agosto, 2016 9:07 pm","modified":"Actualizado el 18 abril, 2020 2:35 pm"},"featured_img_caption":"","featured_img":false,"series_order":"","rttpg_featured_image_url":null,"rttpg_author":{"display_name":"adictos","author_link":"https:\/\/www.adictosaljetlag.es\/index.php\/author\/adictos\/"},"rttpg_comment":0,"rttpg_category":null,"rttpg_excerpt":"&nbsp; Aqu\u00ed encontrareis todos los post del diario de viaje a Uzbekist\u00e1n&nbsp;y un mapa donde hemos anotado y comentado todos los sitios que hemos visitado. D\u00cdA 1: Golpe de estado en Turqu\u00eda D\u00cdAS 2 y 3: Valle de Fergana D\u00cdAS 4 y 5: Jiva D\u00cdAS 6, 7 y 8: Bujar\u00e1 D\u00cdAS 9, 10, 11 y&hellip;","_links":{"self":[{"href":"https:\/\/www.adictosaljetlag.es\/index.php\/wp-json\/wp\/v2\/pages\/701"}],"collection":[{"href":"https:\/\/www.adictosaljetlag.es\/index.php\/wp-json\/wp\/v2\/pages"}],"about":[{"href":"https:\/\/www.adictosaljetlag.es\/index.php\/wp-json\/wp\/v2\/types\/page"}],"author":[{"embeddable":true,"href":"https:\/\/www.adictosaljetlag.es\/index.php\/wp-json\/wp\/v2\/users\/1"}],"replies":[{"embeddable":true,"href":"https:\/\/www.adictosaljetlag.es\/index.php\/wp-json\/wp\/v2\/comments?post=701"}],"version-history":[{"count":11,"href":"https:\/\/www.adictosaljetlag.es\/index.php\/wp-json\/wp\/v2\/pages\/701\/revisions"}],"predecessor-version":[{"id":3351,"href":"https:\/\/www.adictosaljetlag.es\/index.php\/wp-json\/wp\/v2\/pages\/701\/revisions\/3351"}],"wp:attachment":[{"href":"https:\/\/www.adictosaljetlag.es\/index.php\/wp-json\/wp\/v2\/media?parent=701"}],"curies":[{"name":"wp","href":"https:\/\/api.w.org\/{rel}","templated":true}]}}