{"id":1977,"date":"2018-07-01T17:57:28","date_gmt":"2018-07-01T15:57:28","guid":{"rendered":"http:\/\/www.adictosaljetlag.com\/?page_id=1977"},"modified":"2018-07-01T18:15:07","modified_gmt":"2018-07-01T16:15:07","slug":"politica-de-cookies","status":"publish","type":"page","link":"https:\/\/www.adictosaljetlag.es\/index.php\/politica-de-cookies\/","title":{"rendered":"Pol\u00edtica de cookies"},"content":{"rendered":"<p>En cumplimiento con lo dispuesto en el art\u00edculo 22.2 de la Ley 34\/2002, de 11 de julio, de Servicios de la Sociedad de la Informaci\u00f3n y de Comercio Electr\u00f3nico, esta p\u00e1gina web le informa, en esta secci\u00f3n, sobre la\u00a0<strong>pol\u00edtica de recogida y tratamiento de cookies<\/strong>.<\/p>\n<p>&nbsp;<\/p>\n<p><strong>\u00bfQu\u00e9 son las cookies?<\/strong><\/p>\n<p>Una cookie es un fichero que se descarga en su ordenador al\u00a0acceder a determinadas p\u00e1ginas web. Las cookies permiten a una p\u00e1gina web,\u00a0entre otras cosas, almacenar y recuperar informaci\u00f3n sobre los h\u00e1bitos de\u00a0navegaci\u00f3n de un usuario o de su equipo y, dependiendo de la informaci\u00f3n que\u00a0contengan y de la forma en que utilice su equipo, pueden utilizarse para\u00a0reconocer al usuario.<\/p>\n<p>&nbsp;<\/p>\n<p><strong>\u00bfQu\u00e9 tipos de cookies utilizamos en adictosaljetlag?\u00a0<\/strong><\/p>\n<p>Esta p\u00e1gina web utiliza los siguientes tipos de cookies:<\/p>\n<p><strong>Cookies de an\u00e1lisis<\/strong>: Son aqu\u00e9llas que bien tratadas por nosotros o por\u00a0terceros, nos permiten cuantificar el n\u00famero de usuarios y realizar la\u00a0medici\u00f3n y an\u00e1lisis estad\u00edstico de la utilizaci\u00f3n que hacen los usuarios de nuestra web. Se analiza por ejemplo la navegaci\u00f3n, p\u00e1ginas m\u00e1s visitadas o dispositivo utilizado con el fin de mejorar el formato y los contenidos que ofrecemos.<\/p>\n<p><strong>Cookies t\u00e9cnicas<\/strong>: Son aquellas que permiten al usuario la navegaci\u00f3n a trav\u00e9s de la p\u00e1gina web y la utilizaci\u00f3n de las diferentes opciones o servicios que en ella existan como, por ejemplo, controlar el tr\u00e1fico y la comunicaci\u00f3n de datos, identificar la sesi\u00f3n, acceder a partes de acceso restringido, utilizar elementos de seguridad durante la navegaci\u00f3n, almacenar contenidos para la difusi\u00f3n de videos o sonido o compartir contenidos a trav\u00e9s de redes sociales.<\/p>\n<p><strong>Cookies de personalizaci\u00f3n<\/strong>: Son aquellas que permiten al usuario acceder al servicio con algunas caracter\u00edsticas de car\u00e1cter general predefinidas en funci\u00f3n de una serie de criterios en el terminal del usuario como por ejemplo serian el idioma o el tipo de navegador a trav\u00e9s del cual se conecta al servicio.<\/p>\n<p>En adictosaljetlag no utilizamos <strong>cookies publicitarias<\/strong> o de publicidad comportamental.<\/p>\n<p>&nbsp;<\/p>\n<p><strong>Cookies propias<\/strong><\/p>\n<p>En esta web utilizamos las siguientes cookies:<\/p>\n<ul>\n<li>720plan y 720planBAK: Cookies de mejora del rendimiento y de la seguridad del servidor web.<\/li>\n<li>PHPSESSID: Esta cookie es usada por el lenguaje de encriptado PHP para permitir que las variables de SESI\u00d3N sean guardadas en el servidor web.<\/li>\n<li>wp-settings-time-1, wp-settings-1: Estas cookies son utilizadas por WordPress para personalizar la Interfaz de Usuario.<\/li>\n<li>cookie_notice_accepted: Cookie utilizada para reconocer si el usuario conectado ha aceptado nuestra pol\u00edtica de cookies y en ese caso evitar que se muestre continuamente el aviso.<\/li>\n<\/ul>\n<p>&nbsp;<\/p>\n<p><strong>Cookies de terceros<\/strong><\/p>\n<p>Esta p\u00e1gina web utiliza los servicios de <strong>Google Analytics<\/strong> para recopilar informaci\u00f3n con fines estad\u00edsticos y de uso de la web.\u00a0Este servicio proporcionado por Google utiliza las cookies _ga, _gid,_utma, _utma, _utmb, _utmc,<br \/>\n_utmz,_utmv. Mas info sobre el uso de cookies de Google Analytics en\u00a0<a href=\"https:\/\/developers.google.com\/analytics\/devguides\/collection\/analyticsjs\/cookie-usage\" target=\"_blank\" rel=\"noopener\">https:\/\/developers.google.com\/analytics\/devguides\/collection\/analyticsjs\/cookie-usage<\/a><\/p>\n<p>Tambi\u00e9n hacemos uso de <strong>Google Maps<\/strong> para mostrar la localizaci\u00f3n de diferentes lugares. Este servicio de Google hace uso de las cookies: PREF, NID,1P_JAR, SNID, GAPS, OGP, OGPC, gestionadas enteramente por Google, adem\u00e1s de las cookies que Google requiere si mantiene la sesi\u00f3n activa con su cuenta.<\/p>\n<p>En algunas p\u00e1ginas mostramos v\u00eddeos incrustados de <strong>Youtube<\/strong>. Se trata de un servicio de Google que utiliza las siguientes cookies: PREF, NID,1P_JAR, LOGIN_INFO, ACTIVITY, dkv, USE_HITBOX, demographics, VISITOR_INFO1_LIVE, YSC, CONSENT, con el prop\u00f3sito de visualizar los v\u00eddeos incrustados, estimar el ancho de banda y mostrar cuantas veces se ha reproducido,\u00a0adem\u00e1s de las cookies que Google requiere si mantiene la sesi\u00f3n activa con su cuenta.<\/p>\n<p>Al utilizar los servicios de Google Maps y Youtube, si ha iniciado sesi\u00f3n en una cuenta de Google se almacenan las cookies PREF, NID, HSID, APISID, SID, SSID, SAPISID, SIDCC, GAPS, LSID, BEAT, ULS,\u00a0en su ordenador con el fin de permanecer conectado a su cuenta de Google al visitar sus servicios de nuevo. Mientras permanezca con esta sesi\u00f3n activa y use complementos en otros sitios Web como el nuestro, Google har\u00e1 uso de estas cookies para mejorar su experiencia de uso. Mas info sobre el uso de cookies de Google en <a href=\"https:\/\/policies.google.com\/technologies\/cookies?hl=es&amp;gl=es\" target=\"_blank\" rel=\"noopener\">https:\/\/policies.google.com\/technologies\/cookies?hl=es&amp;gl=es<\/a><\/p>\n<p>Tambi\u00e9n mostramos nuestro timeline de <strong>Twitter<\/strong> con nuestros \u00faltimos twits publicados, y para ello twitter se hace uso de las cookies twitter_sess, ct0,\u00a0external_referer,\u00a0guest_id, lang, personalization_id para reconocer el usuario logado con una cuenta de Twitter. Mas info sobre el uso de cookies en Twitter en\u00a0<a href=\"https:\/\/help.twitter.com\/es\/rules-and-policies\/twitter-cookies\" target=\"_blank\">https:\/\/help.twitter.com\/es\/rules-and-policies\/twitter-cookies<\/a><\/p>\n<p>adictosaljetlag no se hace responsable del contenido y veracidad de las pol\u00edticas de privacidad de los terceros incluidas en esta pol\u00edtica de cookies.<\/p>\n<p>&nbsp;<\/p>\n<p><strong>Desactivar las cookies<\/strong><\/p>\n<p>Puede usted\u00a0<strong>permitir, bloquear o eliminar las cookies<\/strong>\u00a0instaladas en su equipo\u00a0mediante la configuraci\u00f3n de las opciones del navegador instalado en su\u00a0ordenador.<\/p>\n<p>En la mayor\u00eda de los navegadores web se ofrece la posibilidad de permitir, bloquear o eliminar las cookies instaladas en su equipo.\u00a0A continuaci\u00f3n puede acceder a la configuraci\u00f3n de los navegadores webs m\u00e1s frecuentes para aceptar, instalar o desactivar las cookies:<\/p>\n<p><a href=\"https:\/\/support.google.com\/chrome\/answer\/95647?hl=es\" target=\"_blank\" rel=\"noopener noreferrer nofollow external\" data-wpel-link=\"external\">Configurar cookies en Google Chrome<\/a><\/p>\n<p><a href=\"http:\/\/windows.microsoft.com\/es-es\/windows7\/how-to-manage-cookies-in-internet-explorer-9\" target=\"_blank\" rel=\"noopener noreferrer nofollow external\" data-wpel-link=\"external\">Configurar cookies en Microsoft Internet Explorer<\/a><\/p>\n<p><a href=\"https:\/\/support.mozilla.org\/es\/kb\/habilitar-y-deshabilitar-cookies-sitios-web-rastrear-preferencias?redirectlocale=es&amp;redirectslug=habilitar-y-deshabilitar-cookies-que-los-sitios-we\" target=\"_blank\" rel=\"noopener noreferrer nofollow external\" data-wpel-link=\"external\">Configurar cookies en Mozilla Firefox<\/a><\/p>\n<p><a href=\"https:\/\/support.apple.com\/es-es\/HT201265\" target=\"_blank\" rel=\"noopener noreferrer nofollow external\" data-wpel-link=\"external\">Configurar cookies en Safari (Apple)<\/a><\/p>\n<p>&nbsp;<\/p>\n<p><strong>Advertencia sobre eliminar\u00a0cookies<\/strong><\/p>\n<p>Usted puede eliminar y bloquear todas las cookies de este sitio, pero parte del sitio no funcionar\u00e1 o la calidad de la p\u00e1gina web puede verse afectada.<\/p>\n<p>Si tiene cualquier duda acerca de\u00a0nuestra pol\u00edtica de cookies, puede contactar con esta p\u00e1gina web a trav\u00e9s de nuestros canales de Contacto.<\/p>\n<p>&nbsp;<\/p>\n","protected":false},"excerpt":{"rendered":"<p>En cumplimiento con lo dispuesto en el art\u00edculo 22.2 de la Ley 34\/2002, de 11 de julio, de Servicios de la Sociedad de la Informaci\u00f3n y de Comercio Electr\u00f3nico, esta p\u00e1gina web le informa, en esta secci\u00f3n, sobre la\u00a0pol\u00edtica de recogida y tratamiento de cookies. &nbsp; \u00bfQu\u00e9 son las cookies? Una cookie es un fichero [&hellip;]<\/p>\n","protected":false},"author":1,"featured_media":0,"parent":0,"menu_order":0,"comment_status":"closed","ping_status":"closed","template":"","meta":{"_acf_changed":false,"advgb_blocks_editor_width":"","advgb_blocks_columns_visual_guide":"","footnotes":""},"acf":[],"coauthors":[],"author_meta":{"author_link":"https:\/\/www.adictosaljetlag.es\/index.php\/author\/adictos\/","display_name":"adictos"},"relative_dates":{"created":"Publicado 8 a\u00f1os hace","modified":"Actualizado 8 a\u00f1os hace"},"absolute_dates":{"created":"Publicado el 1 julio, 2018","modified":"Actualizado el 1 julio, 2018"},"absolute_dates_time":{"created":"Publicado el 1 julio, 2018 5:57 pm","modified":"Actualizado el 1 julio, 2018 6:15 pm"},"featured_img_caption":"","featured_img":false,"series_order":"","rttpg_featured_image_url":null,"rttpg_author":{"display_name":"adictos","author_link":"https:\/\/www.adictosaljetlag.es\/index.php\/author\/adictos\/"},"rttpg_comment":0,"rttpg_category":null,"rttpg_excerpt":"En cumplimiento con lo dispuesto en el art\u00edculo 22.2 de la Ley 34\/2002, de 11 de julio, de Servicios de la Sociedad de la Informaci\u00f3n y de Comercio Electr\u00f3nico, esta p\u00e1gina web le informa, en esta secci\u00f3n, sobre la\u00a0pol\u00edtica de recogida y tratamiento de cookies. &nbsp; \u00bfQu\u00e9 son las cookies? Una cookie es un fichero&hellip;","_links":{"self":[{"href":"https:\/\/www.adictosaljetlag.es\/index.php\/wp-json\/wp\/v2\/pages\/1977"}],"collection":[{"href":"https:\/\/www.adictosaljetlag.es\/index.php\/wp-json\/wp\/v2\/pages"}],"about":[{"href":"https:\/\/www.adictosaljetlag.es\/index.php\/wp-json\/wp\/v2\/types\/page"}],"author":[{"embeddable":true,"href":"https:\/\/www.adictosaljetlag.es\/index.php\/wp-json\/wp\/v2\/users\/1"}],"replies":[{"embeddable":true,"href":"https:\/\/www.adictosaljetlag.es\/index.php\/wp-json\/wp\/v2\/comments?post=1977"}],"version-history":[{"count":10,"href":"https:\/\/www.adictosaljetlag.es\/index.php\/wp-json\/wp\/v2\/pages\/1977\/revisions"}],"predecessor-version":[{"id":1987,"href":"https:\/\/www.adictosaljetlag.es\/index.php\/wp-json\/wp\/v2\/pages\/1977\/revisions\/1987"}],"wp:attachment":[{"href":"https:\/\/www.adictosaljetlag.es\/index.php\/wp-json\/wp\/v2\/media?parent=1977"}],"curies":[{"name":"wp","href":"https:\/\/api.w.org\/{rel}","templated":true}]}}